{"id":1482,"date":"2025-01-29T12:51:43","date_gmt":"2025-01-29T11:51:43","guid":{"rendered":"https:\/\/anthenor.fr\/?page_id=1482"},"modified":"2025-01-29T12:51:43","modified_gmt":"2025-01-29T11:51:43","slug":"audiovisual-and-media-club-2","status":"publish","type":"page","link":"https:\/\/anthenor.fr\/en\/our-clubs-and-circles\/audiovisual-and-media-club-2\/","title":{"rendered":"Audiovisual and Media Club"},"content":{"rendered":"<div class=\"relative\">\n  <div class=\"absolute top-0 left-1\/2 w-screen transform -translate-x-1\/2 h-full\"\n       style=\"background:linear-gradient(0deg, rgba(0, 0, 0, 0.57), rgba(0, 0, 0, 0.57)), no-repeat center \/ cover url(https:\/\/anthenor.fr\/wp-content\/uploads\/2024\/11\/AdobeStock_970495306-scaled.jpeg);\"><\/div>\n  <div class=\"relative\">\n    \n\n<div class=\"wp-block-columns has-transparent-background-color has-background is-layout-flex wp-container-core-columns-is-layout-29b085e8 wp-block-columns-is-layout-flex\" style=\"padding-top:200px;padding-bottom:140px\">\n<div class=\"wp-block-column is-layout-constrained wp-container-core-column-is-layout-92ef7b19 wp-block-column-is-layout-constrained\">\n<h1 class=\"wp-block-heading has-text-align-center has-white-color has-text-color has-link-color has-display-sans-font-family wp-elements-fc1a94cc3ecb344faee5633f07a04c8a\">Club Audiovisuel et M\u00e9dias<\/h1>\n<\/div>\n<\/div>\n\n\n  <\/div>\n<\/div>\n\n<div class=\"wp-block-columns has-green-background-color has-background is-layout-flex wp-container-core-columns-is-layout-7abde1fe wp-block-columns-is-layout-flex\" style=\"padding-top:var(--wp--preset--spacing--40);padding-bottom:var(--wp--preset--spacing--40)\">\n<div class=\"wp-block-column is-layout-flow wp-block-column-is-layout-flow\"><div class=\"yoast-breadcrumbs\"><span><span><a href=\"https:\/\/anthenor.fr\/en\/\">Home<\/a><\/span> <span style=\"padding-left:16px;padding-right:16px\">\u203a<\/span> <span><a href=\"https:\/\/anthenor.fr\/en\/nos-clubs-et-cercles\/\">Our clubs and circles<\/a><\/span> <span style=\"padding-left:16px;padding-right:16px\">\u203a<\/span> <span class=\"breadcrumb_last\" aria-current=\"page\">Audiovisual and Media Club<\/span><\/span><\/div><\/div>\n<\/div>\n\n<div class=\"wp-block-columns has-light-background-color has-background is-layout-flex wp-container-core-columns-is-layout-28f84493 wp-block-columns-is-layout-flex\">\n<div class=\"wp-block-column is-layout-constrained wp-container-core-column-is-layout-5b9ce508 wp-block-column-is-layout-constrained\">\n<h2 class=\"wp-block-heading has-dark-color has-text-color has-link-color has-display-sans-font-family wp-elements-4dece444cb8bbb34c40a1c962c72d3b7\" style=\"padding-top:0;padding-bottom:0\"><strong>A multi-stakeholder dialogue on public policies related to audiovisual and media sectors<\/strong><\/h2>\n\n\n\n<p class=\"has-display-sans-font-family\">The Future of Audiovisual and Media Club\u2019s primary objective is to foster a multi-stakeholder dialogue on topics related to public policies concerning the audiovisual and media sectors, in response to national and European institutional developments. The club meets four to five times a year in the form of dinner debates, attended by 50 to 60 participants, including public officials (mainly parliamentarians, as well as members of the administration, ministerial offices, and regulatory authorities) and economic actors from the sector (producers, broadcasters, professional organizations and unions, advertisers, telecommunications and digital industry players, copyright societies, etc.). These gatherings contribute to collective reflection on the evolution of the audiovisual and media sectors, enabling the development of public policy proposals.  <\/p>\n\n\n\n<p><\/p>\n\n\n\n<h3 class=\"wp-block-heading has-dark-color has-text-color has-link-color has-sans-font-family wp-elements-830712a962b72324bbd7388e32bceb0a\" style=\"padding-top:0;padding-bottom:0\">Le club est co-pr\u00e9sid\u00e9 par Laure Darcos, s\u00e9natrice de l&#8217;Essonne, et Denis Mass\u00e9glia, d\u00e9put\u00e9 du Maine-et-Loire.<\/h3>\n<\/div>\n<\/div>\n\n<p><\/p>\n\n<div class=\"wp-block-columns has-light-background-color has-background is-layout-flex wp-container-core-columns-is-layout-28f84493 wp-block-columns-is-layout-flex\">\n<div class=\"wp-block-column is-layout-constrained wp-container-core-column-is-layout-5b9ce508 wp-block-column-is-layout-constrained\">\n<p><\/p>\n\n\n\n<div class=\"wp-block-columns is-layout-flex wp-container-core-columns-is-layout-28f84493 wp-block-columns-is-layout-flex\">\n<div class=\"wp-block-column is-layout-flow wp-block-column-is-layout-flow\"><\/div>\n\n\n\n<div class=\"wp-block-column is-layout-flow wp-block-column-is-layout-flow\"><\/div>\n<\/div>\n<\/div>\n<\/div>\n<div class=\"swiper post-cards-slider group\">\n  <div class=\"swiper-wrapper\">\n           <div class=\"swiper-slide shrink group-[.swiper-initialized]:shrink-0 h-auto\">\n        <div class=\"rounded-40 overflow-hidden bg-light h-full flex flex-col\">\n                      <div class=\"aspect-video bg-cover bg-center bg-no-repeat shrink-0\"\n                style=\"background-image:url(https:\/\/anthenor.fr\/wp-content\/uploads\/2024\/07\/Image-1@2x-1.jpg)\"><\/div>\n                    <div class=\"px-10 py-6 flex flex-col justify-between h-full\">\n            <div>\n              <div class=\"flex justify-between mb-6\">\n                <div>\n                  <img decoding=\"async\" loading=\"lazy\" src=\"https:\/\/anthenor.fr\/wp-content\/themes\/anthenor\/public\/images\/pictos\/linkedin.07aeae.png\" alt=\"Linkedin logo\" width=\"18px\" height=\"18px\">\n                <\/div>\n                <p class=\"font-display-sans\">16 July 2024<\/p>\n              <\/div>\n              <p class=\"font-bold text-xl\">Audiovisual and Media Club: artificial intelligence<\/p>\n              <p>The Audiovisual and Media Club met on Wednesday, December 20, 2023&#8230;<\/p>\n            <\/div>\n            <a class=\"btn btn-link btn-arrow mt-8\"\n                href=\"#\"\n                target=\"_blank\">\n              Read more            <\/a>\n          <\/div>\n        <\/div>\n      <\/div>\n           <div class=\"swiper-slide shrink group-[.swiper-initialized]:shrink-0 h-auto\">\n        <div class=\"rounded-40 overflow-hidden bg-light h-full flex flex-col\">\n                      <div class=\"aspect-video bg-cover bg-center bg-no-repeat shrink-0\"\n                style=\"background-image:url(https:\/\/anthenor.fr\/wp-content\/uploads\/2024\/07\/AdobeStock_8064840@2x-3-scaled.jpg)\"><\/div>\n                    <div class=\"px-10 py-6 flex flex-col justify-between h-full\">\n            <div>\n              <div class=\"flex justify-between mb-6\">\n                <div>\n                  <img decoding=\"async\" loading=\"lazy\" src=\"https:\/\/anthenor.fr\/wp-content\/themes\/anthenor\/public\/images\/pictos\/linkedin.07aeae.png\" alt=\"Linkedin logo\" width=\"18px\" height=\"18px\">\n                <\/div>\n                <p class=\"font-display-sans\">31 July 2024<\/p>\n              <\/div>\n              <p class=\"font-bold text-xl\">Automobile and Mobility Club \u2013 Parking: the missing link in mobility policies?<\/p>\n              <p>The Automobile and Mobility Club met on Wednesday, December 13, around the theme&#8230;<\/p>\n            <\/div>\n            <a class=\"btn btn-link btn-arrow mt-8\"\n                href=\"#\"\n                target=\"_blank\">\n              Read more            <\/a>\n          <\/div>\n        <\/div>\n      <\/div>\n           <div class=\"swiper-slide shrink group-[.swiper-initialized]:shrink-0 h-auto\">\n        <div class=\"rounded-40 overflow-hidden bg-light h-full flex flex-col\">\n                      <div class=\"aspect-video bg-cover bg-center bg-no-repeat shrink-0\"\n                style=\"background-image:url(https:\/\/anthenor.fr\/wp-content\/uploads\/2024\/07\/Photo-equipe@2x.jpg)\"><\/div>\n                    <div class=\"px-10 py-6 flex flex-col justify-between h-full\">\n            <div>\n              <div class=\"flex justify-between mb-6\">\n                <div>\n                  <img decoding=\"async\" loading=\"lazy\" src=\"https:\/\/anthenor.fr\/wp-content\/themes\/anthenor\/public\/images\/pictos\/linkedin.07aeae.png\" alt=\"Linkedin logo\" width=\"18px\" height=\"18px\">\n                <\/div>\n                <p class=\"font-display-sans\">3 July 2024<\/p>\n              <\/div>\n              <p class=\"font-bold text-xl\">Agriculture and Food Club \u2013 Food inflation and value distribution<\/p>\n              <p>The Agriculture and Food Club met on Tuesday, December 5, around the theme&#8230;<\/p>\n            <\/div>\n            <a class=\"btn btn-link btn-arrow mt-8\"\n                href=\"#\"\n                target=\"_blank\">\n              Read more            <\/a>\n          <\/div>\n        <\/div>\n      <\/div>\n           <div class=\"swiper-slide shrink group-[.swiper-initialized]:shrink-0 h-auto\">\n        <div class=\"rounded-40 overflow-hidden bg-light h-full flex flex-col\">\n                      <div class=\"aspect-video bg-cover bg-center bg-no-repeat shrink-0\"\n                style=\"background-image:url(https:\/\/anthenor.fr\/wp-content\/uploads\/2024\/07\/AdobeStock_8064840@2x-1-scaled.jpg)\"><\/div>\n                    <div class=\"px-10 py-6 flex flex-col justify-between h-full\">\n            <div>\n              <div class=\"flex justify-between mb-6\">\n                <div>\n                  <img decoding=\"async\" loading=\"lazy\" src=\"https:\/\/anthenor.fr\/wp-content\/themes\/anthenor\/public\/images\/pictos\/linkedin.07aeae.png\" alt=\"Linkedin logo\" width=\"18px\" height=\"18px\">\n                <\/div>\n                <p class=\"font-display-sans\">10 July 2024<\/p>\n              <\/div>\n              <p class=\"font-bold text-xl\">Automobile and Mobility Club \u2013 Parking: the missing link in mobility policies?<\/p>\n              <p>The Automobile and Mobility Club met on Wednesday, December 13, around the theme&#8230;<\/p>\n            <\/div>\n            <a class=\"btn btn-link btn-arrow mt-8\"\n                href=\"#\"\n                target=\"_blank\">\n              Read more            <\/a>\n          <\/div>\n        <\/div>\n      <\/div>\n           <div class=\"swiper-slide shrink group-[.swiper-initialized]:shrink-0 h-auto\">\n        <div class=\"rounded-40 overflow-hidden bg-light h-full flex flex-col\">\n                      <div class=\"aspect-video bg-cover bg-center bg-no-repeat shrink-0\"\n                style=\"background-image:url(https:\/\/anthenor.fr\/wp-content\/uploads\/2024\/07\/AdobeStock_8064840@2x-1-1-scaled.jpg)\"><\/div>\n                    <div class=\"px-10 py-6 flex flex-col justify-between h-full\">\n            <div>\n              <div class=\"flex justify-between mb-6\">\n                <div>\n                  <img decoding=\"async\" loading=\"lazy\" src=\"https:\/\/anthenor.fr\/wp-content\/themes\/anthenor\/public\/images\/pictos\/linkedin.07aeae.png\" alt=\"Linkedin logo\" width=\"18px\" height=\"18px\">\n                <\/div>\n                <p class=\"font-display-sans\">20 July 2024<\/p>\n              <\/div>\n              <p class=\"font-bold text-xl\">Agriculture and Food Club \u2013 Food inflation and value distribution<\/p>\n              <p>The Automobile and Mobility Club met on Wednesday, December 13, around the theme&#8230;<\/p>\n            <\/div>\n            <a class=\"btn btn-link btn-arrow mt-8\"\n                href=\"#\"\n                target=\"_blank\">\n              Read more            <\/a>\n          <\/div>\n        <\/div>\n      <\/div>\n      <\/div>\n  <div id=\"numberSlides\" class=\"text-dark font-display-sans text-center mt-8 text-lg\"><\/div>\n  <div class=\"swiper-scrollbar\"><\/div>\n<\/div>\n\n<div class=\"wp-block-columns has-white-background-color has-background is-layout-flex wp-container-core-columns-is-layout-28f84493 wp-block-columns-is-layout-flex\">\n<div class=\"wp-block-column has-green-background-color has-background is-layout-flow wp-block-column-is-layout-flow\"><div class=\"swiper simple-cards-slider group overflow-visible max-w-full\">\n  <div class=\"swiper-wrapper\">\n           <div class=\"swiper-slide shrink group-[.swiper-initialized]:shrink-0 h-auto\">\n        <div class=\"rounded-40 overflow-hidden bg-white h-full w-full p-5 md:py-8 xl:py-12 md:px-8 flex items-center\">\n          <div class=\"w-full\">\n            <p><a href=\"https:\/\/anthenor.fr\/nos-clubs-et-cercles\/club-agriculture-et-alimentation\/\"><img loading=\"lazy\" decoding=\"async\" class=\" wp-image-903 aligncenter\" src=\"https:\/\/anthenor.fr\/wp-content\/uploads\/2024\/10\/Capture-decran-2024-10-07-a-11.40.51-300x161.png\" alt=\"\" width=\"292\" height=\"157\" srcset=\"https:\/\/anthenor.fr\/wp-content\/uploads\/2024\/10\/Capture-decran-2024-10-07-a-11.40.51-300x161.png 300w, https:\/\/anthenor.fr\/wp-content\/uploads\/2024\/10\/Capture-decran-2024-10-07-a-11.40.51-768x412.png 768w, https:\/\/anthenor.fr\/wp-content\/uploads\/2024\/10\/Capture-decran-2024-10-07-a-11.40.51.png 786w\" sizes=\"auto, (max-width: 292px) 100vw, 292px\" \/><\/a><\/p>\n\n          <\/div>\n        <\/div>\n      <\/div>\n           <div class=\"swiper-slide shrink group-[.swiper-initialized]:shrink-0 h-auto\">\n        <div class=\"rounded-40 overflow-hidden bg-white h-full w-full p-5 md:py-8 xl:py-12 md:px-8 flex items-center\">\n          <div class=\"w-full\">\n            <p><a href=\"https:\/\/anthenor.fr\/nos-clubs-et-cercles\/club-innovation-et-transformation-numerique\/\"><img loading=\"lazy\" decoding=\"async\" class=\"wp-image-303 aligncenter\" src=\"https:\/\/anthenor.fr\/wp-content\/uploads\/2024\/07\/Logo-innovation@2x-300x93.png\" alt=\"\" width=\"377\" height=\"117\" srcset=\"https:\/\/anthenor.fr\/wp-content\/uploads\/2024\/07\/Logo-innovation@2x-300x93.png 300w, https:\/\/anthenor.fr\/wp-content\/uploads\/2024\/07\/Logo-innovation@2x.png 577w\" sizes=\"auto, (max-width: 377px) 100vw, 377px\" \/><\/a><\/p>\n\n          <\/div>\n        <\/div>\n      <\/div>\n           <div class=\"swiper-slide shrink group-[.swiper-initialized]:shrink-0 h-auto\">\n        <div class=\"rounded-40 overflow-hidden bg-white h-full w-full p-5 md:py-8 xl:py-12 md:px-8 flex items-center\">\n          <div class=\"w-full\">\n            <p><a href=\"https:\/\/anthenor.fr\/nos-clubs-et-cercles\/club-mobilites\/\"><img loading=\"lazy\" decoding=\"async\" class=\" wp-image-288 aligncenter\" src=\"https:\/\/anthenor.fr\/wp-content\/uploads\/2024\/07\/Logo-club-auto@2x-300x141.png\" alt=\"\" width=\"239\" height=\"112\" srcset=\"https:\/\/anthenor.fr\/wp-content\/uploads\/2024\/07\/Logo-club-auto@2x-300x141.png 300w, https:\/\/anthenor.fr\/wp-content\/uploads\/2024\/07\/Logo-club-auto@2x.png 384w\" sizes=\"auto, (max-width: 239px) 100vw, 239px\" \/><\/a><\/p>\n\n          <\/div>\n        <\/div>\n      <\/div>\n           <div class=\"swiper-slide shrink group-[.swiper-initialized]:shrink-0 h-auto\">\n        <div class=\"rounded-40 overflow-hidden bg-white h-full w-full p-5 md:py-8 xl:py-12 md:px-8 flex items-center\">\n          <div class=\"w-full\">\n            <p><a href=\"https:\/\/anthenor.fr\/nos-clubs-et-cercles\/club-protection-sociale\/\"><img loading=\"lazy\" decoding=\"async\" class=\" wp-image-289 aligncenter\" src=\"https:\/\/anthenor.fr\/wp-content\/uploads\/2024\/07\/Logo-club-protection@2x-300x140.png\" alt=\"\" width=\"249\" height=\"116\" srcset=\"https:\/\/anthenor.fr\/wp-content\/uploads\/2024\/07\/Logo-club-protection@2x-300x140.png 300w, https:\/\/anthenor.fr\/wp-content\/uploads\/2024\/07\/Logo-club-protection@2x.png 385w\" sizes=\"auto, (max-width: 249px) 100vw, 249px\" \/><\/a><\/p>\n\n          <\/div>\n        <\/div>\n      <\/div>\n           <div class=\"swiper-slide shrink group-[.swiper-initialized]:shrink-0 h-auto\">\n        <div class=\"rounded-40 overflow-hidden bg-white h-full w-full p-5 md:py-8 xl:py-12 md:px-8 flex items-center\">\n          <div class=\"w-full\">\n            <p><a href=\"https:\/\/anthenor.fr\/nos-clubs-et-cercles\/club-sport\/\"><img loading=\"lazy\" decoding=\"async\" class=\" wp-image-290 aligncenter\" src=\"https:\/\/anthenor.fr\/wp-content\/uploads\/2024\/07\/Logo-club-sport@2x-300x176.png\" alt=\"\" width=\"200\" height=\"117\" srcset=\"https:\/\/anthenor.fr\/wp-content\/uploads\/2024\/07\/Logo-club-sport@2x-300x176.png 300w, https:\/\/anthenor.fr\/wp-content\/uploads\/2024\/07\/Logo-club-sport@2x.png 304w\" sizes=\"auto, (max-width: 200px) 100vw, 200px\" \/><\/a><\/p>\n\n          <\/div>\n        <\/div>\n      <\/div>\n           <div class=\"swiper-slide shrink group-[.swiper-initialized]:shrink-0 h-auto\">\n        <div class=\"rounded-40 overflow-hidden bg-white h-full w-full p-5 md:py-8 xl:py-12 md:px-8 flex items-center\">\n          <div class=\"w-full\">\n            <p><a href=\"https:\/\/anthenor.fr\/nos-clubs-et-cercles\/les-matinales-danthenor\/\"><img loading=\"lazy\" decoding=\"async\" class=\" wp-image-514 aligncenter\" src=\"https:\/\/anthenor.fr\/wp-content\/uploads\/2024\/08\/Capture-decran-le-2024-08-28-a-15.19.46-1-300x108.png\" alt=\"\" width=\"361\" height=\"130\" srcset=\"https:\/\/anthenor.fr\/wp-content\/uploads\/2024\/08\/Capture-decran-le-2024-08-28-a-15.19.46-1-300x108.png 300w, https:\/\/anthenor.fr\/wp-content\/uploads\/2024\/08\/Capture-decran-le-2024-08-28-a-15.19.46-1-768x275.png 768w, https:\/\/anthenor.fr\/wp-content\/uploads\/2024\/08\/Capture-decran-le-2024-08-28-a-15.19.46-1.png 856w\" sizes=\"auto, (max-width: 361px) 100vw, 361px\" \/><\/a><\/p>\n\n          <\/div>\n        <\/div>\n      <\/div>\n           <div class=\"swiper-slide shrink group-[.swiper-initialized]:shrink-0 h-auto\">\n        <div class=\"rounded-40 overflow-hidden bg-white h-full w-full p-5 md:py-8 xl:py-12 md:px-8 flex items-center\">\n          <div class=\"w-full\">\n            <p><!-- wp:image {\"id\":512,\"sizeSlug\":\"full\",\"linkDestination\":\"none\"} --><\/p>\n<figure class=\"wp-block-image size-full\"><a href=\"\/nos-clubs-et-cercles\/les-cercles-des-directeurs-des-affaires-publiques\/\"><img loading=\"lazy\" decoding=\"async\" class=\"wp-image-512 aligncenter\" src=\"https:\/\/anthenor.fr\/wp-content\/uploads\/2024\/08\/Capture-decran-le-2024-08-28-a-15.18.27.png\" alt=\"\" width=\"363\" height=\"133\" srcset=\"https:\/\/anthenor.fr\/wp-content\/uploads\/2024\/08\/Capture-decran-le-2024-08-28-a-15.18.27.png 1019w, https:\/\/anthenor.fr\/wp-content\/uploads\/2024\/08\/Capture-decran-le-2024-08-28-a-15.18.27-300x110.png 300w, https:\/\/anthenor.fr\/wp-content\/uploads\/2024\/08\/Capture-decran-le-2024-08-28-a-15.18.27-768x282.png 768w\" sizes=\"auto, (max-width: 363px) 100vw, 363px\" \/><\/a><\/figure>\n<p><!-- \/wp:image --><\/p>\n\n          <\/div>\n        <\/div>\n      <\/div>\n      <\/div>\n<\/div>\n<\/div>\n<\/div>\n","protected":false},"excerpt":{"rendered":"<p>A multi-stakeholder dialogue on public policies related to audiovisual and media sectors The Future of Audiovisual and Media Club\u2019s primary objective is to foster a multi-stakeholder dialogue on topics related to public policies concerning the audiovisual and media sectors, in response to national and European institutional developments. The club meets four to five times a &hellip; <a href=\"https:\/\/anthenor.fr\/en\/our-clubs-and-circles\/audiovisual-and-media-club-2\/\">Continued<\/a><\/p>\n","protected":false},"author":4,"featured_media":0,"parent":699,"menu_order":0,"comment_status":"closed","ping_status":"closed","template":"","meta":{"_acf_changed":false,"footnotes":""},"class_list":["post-1482","page","type-page","status-publish","hentry"],"acf":[],"yoast_head":"<!-- This site is optimized with the Yoast SEO plugin v27.3 - https:\/\/yoast.com\/product\/yoast-seo-wordpress\/ -->\n<title>Audiovisual and Media Club - Anthenor<\/title>\n<meta name=\"description\" content=\"Anthenor&#039;s Audiovisual and Media Club: a multi-stakeholder dialogue on audiovisual and media-related public policy.\" \/>\n<meta name=\"robots\" content=\"index, follow, max-snippet:-1, max-image-preview:large, max-video-preview:-1\" \/>\n<link rel=\"canonical\" href=\"https:\/\/anthenor.fr\/en\/our-clubs-and-circles\/audiovisual-and-media-club-2\/\" \/>\n<meta property=\"og:locale\" content=\"en_US\" \/>\n<meta property=\"og:type\" content=\"article\" \/>\n<meta property=\"og:title\" content=\"Audiovisual and Media Club - Anthenor\" \/>\n<meta property=\"og:description\" content=\"Anthenor&#039;s Audiovisual and Media Club: a multi-stakeholder dialogue on audiovisual and media-related public policy.\" \/>\n<meta property=\"og:url\" content=\"https:\/\/anthenor.fr\/en\/our-clubs-and-circles\/audiovisual-and-media-club-2\/\" \/>\n<meta property=\"og:site_name\" content=\"Anthenor\" \/>\n<meta name=\"twitter:card\" content=\"summary_large_image\" \/>\n<meta name=\"twitter:label1\" content=\"Est. reading time\" \/>\n\t<meta name=\"twitter:data1\" content=\"2 minutes\" \/>\n<script type=\"application\/ld+json\" class=\"yoast-schema-graph\">{\"@context\":\"https:\\\/\\\/schema.org\",\"@graph\":[{\"@type\":\"WebPage\",\"@id\":\"https:\\\/\\\/anthenor.fr\\\/en\\\/our-clubs-and-circles\\\/audiovisual-and-media-club-2\\\/\",\"url\":\"https:\\\/\\\/anthenor.fr\\\/en\\\/our-clubs-and-circles\\\/audiovisual-and-media-club-2\\\/\",\"name\":\"Audiovisual and Media Club - Anthenor\",\"isPartOf\":{\"@id\":\"https:\\\/\\\/anthenor.fr\\\/en\\\/#website\"},\"datePublished\":\"2025-01-29T11:51:43+00:00\",\"description\":\"Anthenor's Audiovisual and Media Club: a multi-stakeholder dialogue on audiovisual and media-related public policy.\",\"breadcrumb\":{\"@id\":\"https:\\\/\\\/anthenor.fr\\\/en\\\/our-clubs-and-circles\\\/audiovisual-and-media-club-2\\\/#breadcrumb\"},\"inLanguage\":\"en-US\",\"potentialAction\":[{\"@type\":\"ReadAction\",\"target\":[\"https:\\\/\\\/anthenor.fr\\\/en\\\/our-clubs-and-circles\\\/audiovisual-and-media-club-2\\\/\"]}]},{\"@type\":\"BreadcrumbList\",\"@id\":\"https:\\\/\\\/anthenor.fr\\\/en\\\/our-clubs-and-circles\\\/audiovisual-and-media-club-2\\\/#breadcrumb\",\"itemListElement\":[{\"@type\":\"ListItem\",\"position\":1,\"name\":\"Home\",\"item\":\"https:\\\/\\\/anthenor.fr\\\/en\\\/\"},{\"@type\":\"ListItem\",\"position\":2,\"name\":\"Our clubs and circles\",\"item\":\"https:\\\/\\\/anthenor.fr\\\/en\\\/nos-clubs-et-cercles\\\/\"},{\"@type\":\"ListItem\",\"position\":3,\"name\":\"Audiovisual and Media Club\"}]},{\"@type\":\"WebSite\",\"@id\":\"https:\\\/\\\/anthenor.fr\\\/en\\\/#website\",\"url\":\"https:\\\/\\\/anthenor.fr\\\/en\\\/\",\"name\":\"Anthenor\",\"description\":\"\",\"potentialAction\":[{\"@type\":\"SearchAction\",\"target\":{\"@type\":\"EntryPoint\",\"urlTemplate\":\"https:\\\/\\\/anthenor.fr\\\/en\\\/?s={search_term_string}\"},\"query-input\":{\"@type\":\"PropertyValueSpecification\",\"valueRequired\":true,\"valueName\":\"search_term_string\"}}],\"inLanguage\":\"en-US\"}]}<\/script>\n<!-- \/ Yoast SEO plugin. -->","yoast_head_json":{"title":"Audiovisual and Media Club - Anthenor","description":"Anthenor's Audiovisual and Media Club: a multi-stakeholder dialogue on audiovisual and media-related public policy.","robots":{"index":"index","follow":"follow","max-snippet":"max-snippet:-1","max-image-preview":"max-image-preview:large","max-video-preview":"max-video-preview:-1"},"canonical":"https:\/\/anthenor.fr\/en\/our-clubs-and-circles\/audiovisual-and-media-club-2\/","og_locale":"en_US","og_type":"article","og_title":"Audiovisual and Media Club - Anthenor","og_description":"Anthenor's Audiovisual and Media Club: a multi-stakeholder dialogue on audiovisual and media-related public policy.","og_url":"https:\/\/anthenor.fr\/en\/our-clubs-and-circles\/audiovisual-and-media-club-2\/","og_site_name":"Anthenor","twitter_card":"summary_large_image","twitter_misc":{"Est. reading time":"2 minutes"},"schema":{"@context":"https:\/\/schema.org","@graph":[{"@type":"WebPage","@id":"https:\/\/anthenor.fr\/en\/our-clubs-and-circles\/audiovisual-and-media-club-2\/","url":"https:\/\/anthenor.fr\/en\/our-clubs-and-circles\/audiovisual-and-media-club-2\/","name":"Audiovisual and Media Club - Anthenor","isPartOf":{"@id":"https:\/\/anthenor.fr\/en\/#website"},"datePublished":"2025-01-29T11:51:43+00:00","description":"Anthenor's Audiovisual and Media Club: a multi-stakeholder dialogue on audiovisual and media-related public policy.","breadcrumb":{"@id":"https:\/\/anthenor.fr\/en\/our-clubs-and-circles\/audiovisual-and-media-club-2\/#breadcrumb"},"inLanguage":"en-US","potentialAction":[{"@type":"ReadAction","target":["https:\/\/anthenor.fr\/en\/our-clubs-and-circles\/audiovisual-and-media-club-2\/"]}]},{"@type":"BreadcrumbList","@id":"https:\/\/anthenor.fr\/en\/our-clubs-and-circles\/audiovisual-and-media-club-2\/#breadcrumb","itemListElement":[{"@type":"ListItem","position":1,"name":"Home","item":"https:\/\/anthenor.fr\/en\/"},{"@type":"ListItem","position":2,"name":"Our clubs and circles","item":"https:\/\/anthenor.fr\/en\/nos-clubs-et-cercles\/"},{"@type":"ListItem","position":3,"name":"Audiovisual and Media Club"}]},{"@type":"WebSite","@id":"https:\/\/anthenor.fr\/en\/#website","url":"https:\/\/anthenor.fr\/en\/","name":"Anthenor","description":"","potentialAction":[{"@type":"SearchAction","target":{"@type":"EntryPoint","urlTemplate":"https:\/\/anthenor.fr\/en\/?s={search_term_string}"},"query-input":{"@type":"PropertyValueSpecification","valueRequired":true,"valueName":"search_term_string"}}],"inLanguage":"en-US"}]}},"_links":{"self":[{"href":"https:\/\/anthenor.fr\/en\/wp-json\/wp\/v2\/pages\/1482","targetHints":{"allow":["GET"]}}],"collection":[{"href":"https:\/\/anthenor.fr\/en\/wp-json\/wp\/v2\/pages"}],"about":[{"href":"https:\/\/anthenor.fr\/en\/wp-json\/wp\/v2\/types\/page"}],"author":[{"embeddable":true,"href":"https:\/\/anthenor.fr\/en\/wp-json\/wp\/v2\/users\/4"}],"replies":[{"embeddable":true,"href":"https:\/\/anthenor.fr\/en\/wp-json\/wp\/v2\/comments?post=1482"}],"version-history":[{"count":1,"href":"https:\/\/anthenor.fr\/en\/wp-json\/wp\/v2\/pages\/1482\/revisions"}],"predecessor-version":[{"id":1483,"href":"https:\/\/anthenor.fr\/en\/wp-json\/wp\/v2\/pages\/1482\/revisions\/1483"}],"up":[{"embeddable":true,"href":"https:\/\/anthenor.fr\/en\/wp-json\/wp\/v2\/pages\/699"}],"wp:attachment":[{"href":"https:\/\/anthenor.fr\/en\/wp-json\/wp\/v2\/media?parent=1482"}],"curies":[{"name":"wp","href":"https:\/\/api.w.org\/{rel}","templated":true}]}}