{"id":684,"date":"2024-07-09T09:28:28","date_gmt":"2024-07-09T07:28:28","guid":{"rendered":"https:\/\/anthenor.fr\/home-page\/"},"modified":"2024-12-02T17:54:38","modified_gmt":"2024-12-02T16:54:38","slug":"home-page","status":"publish","type":"page","link":"https:\/\/anthenor.fr\/en\/","title":{"rendered":"Home page"},"content":{"rendered":"<div class=\"relative\">\n  <div class=\"absolute top-0 left-1\/2 w-screen transform -translate-x-1\/2 h-full\"\n       style=\"background:linear-gradient(0deg, rgba(0, 0, 0, 0.57), rgba(0, 0, 0, 0.57)), no-repeat center \/ cover url(https:\/\/anthenor.fr\/wp-content\/uploads\/2024\/07\/AdobeStock_24718621@2x-scaled.jpg);\"><\/div>\n  <div class=\"relative\">\n    \n\n<div class=\"wp-block-columns has-transparent-background-color has-background is-layout-flex wp-container-core-columns-is-layout-fb8dda1f wp-block-columns-is-layout-flex\" style=\"padding-top:250px;padding-bottom:90px\">\n<div class=\"wp-block-column is-layout-flow wp-block-column-is-layout-flow\" style=\"padding-top:0;padding-bottom:0\">\n<h1 class=\"wp-block-heading has-text-align-center has-white-color has-text-color has-link-color wp-elements-32711a44e155cdb9eebc7ae02d79ae2a\">Public affairs and lobbying consultancy<\/h1>\n\n\n<div class=\"h-16 w-px mx-auto\" style=\"background-color:#ffffff\"><\/div>\n\n\n\n<div class=\"wp-block-buttons is-content-justification-center is-layout-flex wp-container-core-buttons-is-layout-a89b3969 wp-block-buttons-is-layout-flex\">\n<div class=\"wp-block-button\"><a class=\"wp-block-button__link has-dark-color has-white-background-color has-text-color has-background has-link-color has-text-align-center wp-element-button\" href=\"\/en\/about-us\/\">Read more<\/a><\/div>\n<\/div>\n<\/div>\n<\/div>\n\n\n  <\/div>\n<\/div>\n\n\n\n<div class=\"wp-block-columns has-green-background-color has-background is-layout-flex wp-container-core-columns-is-layout-28f84493 wp-block-columns-is-layout-flex\">\n<div class=\"wp-block-column is-layout-flow wp-block-column-is-layout-flow\"><\/div>\n\n\n\n<div class=\"wp-block-column is-layout-flow wp-block-column-is-layout-flow\" style=\"flex-basis:480px\">\n<h2 class=\"wp-block-heading has-text-align-center has-light-color has-text-color has-link-color wp-elements-0dd718d6e51c1722d7c4aa7e2a99d634\" style=\"padding-top:0;padding-bottom:0\">Anthenor Public Affairs<\/h2>\n\n\n\n<p class=\"has-text-align-center has-xl-font-size\">is a firm specializing in public affairs<br>and institutional relations.<\/p>\n\n\n<div class=\"h-16 w-px mx-auto\" style=\"background-color:#0e3119\"><\/div>\n<\/div>\n\n\n\n<div class=\"wp-block-column is-layout-flow wp-block-column-is-layout-flow\"><\/div>\n<\/div>\n\n\n<div class=\"relative\">\n  <div class=\"absolute top-0 left-1\/2 w-screen transform -translate-x-1\/2 h-full\"\n       style=\"background:linear-gradient(180deg, #88B598 0%,#88B598 60%,#ffffff 60%,#ffffff 100%)\"><\/div>\n  <div class=\"relative\">\n    \n\n<div class=\"wp-block-columns is-layout-flex wp-container-core-columns-is-layout-e79a657b wp-block-columns-is-layout-flex\" style=\"padding-top:0\">\n<div class=\"wp-block-column has-light-background-color has-background is-layout-flow wp-block-column-is-layout-flow\"><div class=\"flex flex-col h-full justify-between gap-8\">\n  <div>\n    \n\n<figure class=\"wp-block-image aligncenter size-full is-resized\"><img loading=\"lazy\" decoding=\"async\" width=\"166\" height=\"108\" src=\"https:\/\/anthenor.fr\/wp-content\/uploads\/2024\/07\/ICONE-PORTE-VOIX@2x.png\" alt=\"\" class=\"wp-image-42\" style=\"width:82px\"\/><\/figure>\n\n\n\n<div style=\"height:40px\" aria-hidden=\"true\" class=\"wp-block-spacer\"><\/div>\n\n\n\n<p class=\"has-xl-font-size\">Public affairs and lobbying consultancy<\/p>\n\n\n\n<div style=\"height:20px\" aria-hidden=\"true\" class=\"wp-block-spacer\"><\/div>\n\n\n\n<p>We design and implement tailor-made influence strategies, adapted to each customer&#8217;s objectives.<\/p>\n\n\n  <\/div>\n      <a class=\"btn btn-link btn-arrow\"\n        href=\"\/en\/about-us\/\"\n        target=\"\">\n      Read more\n    <\/a>\n  <\/div>\n<\/div>\n\n\n\n<div class=\"wp-block-column has-light-background-color has-background is-layout-flow wp-block-column-is-layout-flow\"><div class=\"flex flex-col h-full justify-between gap-8\">\n  <div>\n    \n\n<figure class=\"wp-block-image aligncenter size-full is-resized\"><img loading=\"lazy\" decoding=\"async\" width=\"134\" height=\"114\" src=\"https:\/\/anthenor.fr\/wp-content\/uploads\/2024\/07\/ICONE-CERVEAU@2x.png\" alt=\"\" class=\"wp-image-41\" style=\"width:66px\"\/><\/figure>\n\n\n\n<div style=\"height:40px\" aria-hidden=\"true\" class=\"wp-block-spacer\"><\/div>\n\n\n\n<p class=\"has-xl-font-size\">Institutional clubs and circles<\/p>\n\n\n\n<div style=\"height:20px\" aria-hidden=\"true\" class=\"wp-block-spacer\"><\/div>\n\n\n\n<p>Through our Clubs, we lead debates on public policy issues, with the aim of bringing public players and civil society closer together.<br><\/p>\n\n\n  <\/div>\n      <a class=\"btn btn-link btn-arrow\"\n        href=\"\/en\/about-us\/\"\n        target=\"\">\n      Read more\n    <\/a>\n  <\/div>\n<\/div>\n\n\n\n<div class=\"wp-block-column has-light-background-color has-background is-layout-flow wp-block-column-is-layout-flow\"><div class=\"flex flex-col h-full justify-between gap-8\">\n  <div>\n    \n\n<figure class=\"wp-block-image aligncenter size-full is-resized\"><img loading=\"lazy\" decoding=\"async\" width=\"133\" height=\"105\" src=\"https:\/\/anthenor.fr\/wp-content\/uploads\/2024\/07\/Icone-cible@2x.png\" alt=\"\" class=\"wp-image-43\" style=\"width:66px\"\/><\/figure>\n\n\n\n<div style=\"height:40px\" aria-hidden=\"true\" class=\"wp-block-spacer\"><\/div>\n\n\n\n<p class=\"has-xl-font-size\">Expert in all sectors and public policies<\/p>\n\n\n\n<p>We operate in a wide variety of sectors, on behalf of companies, collective structures and public-sector organizations seeking to promote and defend their interests with public authorities.  <\/p>\n\n\n  <\/div>\n      <a class=\"btn btn-link btn-arrow\"\n        href=\"\/en\/about-us\/\"\n        target=\"\">\n      Read more\n    <\/a>\n  <\/div>\n<\/div>\n<\/div>\n\n\n  <\/div>\n<\/div>\n\n\n<div class=\"relative\">\n  <div class=\"absolute top-0 left-1\/2 w-screen transform -translate-x-1\/2 h-full\"\n       style=\"background:linear-gradient(180deg, #ffffff 0%,#ffffff 50%,#f8f8f8 50%,#f8f8f8 100%)\"><\/div>\n  <div class=\"relative\">\n    \n\n<div class=\"wp-block-columns is-layout-flex wp-container-core-columns-is-layout-1e297cbc wp-block-columns-is-layout-flex\" style=\"padding-top:var(--wp--preset--spacing--70);padding-bottom:var(--wp--preset--spacing--70)\">\n<div class=\"wp-block-column is-layout-flow wp-block-column-is-layout-flow\"><\/div>\n\n\n\n<div class=\"wp-block-column is-layout-flow wp-block-column-is-layout-flow\" style=\"flex-basis:960px\"><div class=\"relative\">\n  <div class=\"px-20 py-10 rounded-40 bg-no-repeat bg-center bg-cover\"\n      style=\"background-image:url(https:\/\/anthenor.fr\/wp-content\/uploads\/2024\/11\/20240911_224638-1-1.jpg);\">\n    \n\n<div style=\"height:100px\" aria-hidden=\"true\" class=\"wp-block-spacer\"><\/div>\n\n\n\n<div class=\"wp-block-buttons is-content-justification-center is-layout-flex wp-container-core-buttons-is-layout-a89b3969 wp-block-buttons-is-layout-flex\">\n<div class=\"wp-block-button\"><a class=\"wp-block-button__link has-dark-color has-white-background-color has-text-color has-background has-link-color wp-element-button\" href=\"\/en\/about-us\/\">Get to know us<\/a><\/div>\n<\/div>\n\n\n  <\/div>\n<\/div>\n<\/div>\n\n\n\n<div class=\"wp-block-column is-layout-flow wp-block-column-is-layout-flow\"><\/div>\n<\/div>\n\n\n  <\/div>\n<\/div>\n\n\n\n<div class=\"wp-block-columns has-light-background-color has-background is-layout-flex wp-container-core-columns-is-layout-28f84493 wp-block-columns-is-layout-flex\">\n<div class=\"wp-block-column is-layout-flow wp-block-column-is-layout-flow\">\n<h2 class=\"wp-block-heading has-text-align-center has-dark-color has-text-color has-link-color wp-elements-ca0c0f054826d80cf2e533d54551e15a\" style=\"padding-right:0;padding-bottom:0;padding-left:0\">In figures<\/h2>\n\n\n<div class=\"h-16 w-px mx-auto\" style=\"background-color:#0e3119\"><\/div>\n\n\n<div class=\"slider-numbers-wrapper\">\n  <div class=\"flex gap-4 flex-nowrap transform slider-numbers mb-6\">\n           <div class=\"rounded-40 p-8 md:px-10 md:py-16 w-80 shrink-0 text-center bg-dark\">\n        <p class=\"font-display text-5xl md:text-6xl lg:text-7xl !mb-2 text-green\">629<\/p>\n        <p class=\"text-white text-lg md:text-xl lg:text-2xl !mb-0\">customer references<\/p>\n      <\/div>\n\n                 <div class=\"rounded-40 p-8 md:px-10 md:py-16 w-80 shrink-0 text-center bg-green\">\n        <p class=\"font-display text-5xl md:text-6xl lg:text-7xl !mb-2 text-dark\">2003<\/p>\n        <p class=\"text-white text-lg md:text-xl lg:text-2xl !mb-0\">creation of Anthenor<\/p>\n      <\/div>\n\n                 <div class=\"rounded-40 p-8 md:px-10 md:py-16 w-80 shrink-0 text-center bg-black\">\n        <p class=\"font-display text-5xl md:text-6xl lg:text-7xl !mb-2 text-green\">1st<\/p>\n        <p class=\"text-white text-lg md:text-xl lg:text-2xl !mb-0\">public affairs firm to adopt the &#8220;soci\u00e9t\u00e9 \u00e0 mission&#8221; status<\/p>\n      <\/div>\n\n              <\/div>\n        <div class=\"flex gap-4 flex-nowrap transform slider-numbers mb-6\">\n                 <div class=\"rounded-40 p-8 md:px-10 md:py-16 w-80 shrink-0 text-center bg-dark\">\n        <p class=\"font-display text-5xl md:text-6xl lg:text-7xl !mb-2 text-green\">200<\/p>\n        <p class=\"text-white text-lg md:text-xl lg:text-2xl !mb-0\">member organizations of our Clubs and Circles<\/p>\n      <\/div>\n\n                 <div class=\"rounded-40 p-8 md:px-10 md:py-16 w-80 shrink-0 text-center bg-green\">\n        <p class=\"font-display text-5xl md:text-6xl lg:text-7xl !mb-2 text-dark\">7<\/p>\n        <p class=\"text-white text-lg md:text-xl lg:text-2xl !mb-0\">institutionnal Clubs<\/p>\n      <\/div>\n\n                 <div class=\"rounded-40 p-8 md:px-10 md:py-16 w-80 shrink-0 text-center bg-black\">\n        <p class=\"font-display text-5xl md:text-6xl lg:text-7xl !mb-2 text-green\">18<\/p>\n        <p class=\"text-white text-lg md:text-xl lg:text-2xl !mb-0\">employees<\/p>\n      <\/div>\n\n            <\/div>\n<\/div>\n<\/div>\n<\/div>\n","protected":false},"excerpt":{"rendered":"<p>Anthenor Public Affairs is a firm specializing in public affairsand institutional relations. In figures<\/p>\n","protected":false},"author":1,"featured_media":0,"parent":0,"menu_order":0,"comment_status":"closed","ping_status":"closed","template":"","meta":{"_acf_changed":false,"footnotes":""},"class_list":["post-684","page","type-page","status-publish","hentry"],"acf":[],"yoast_head":"<!-- This site is optimized with the Yoast SEO plugin v27.3 - https:\/\/yoast.com\/product\/yoast-seo-wordpress\/ -->\n<title>Home page - Anthenor<\/title>\n<meta name=\"description\" content=\"Anthenor Public Affairs is a public affairs and institutional relations consultancy.\" \/>\n<meta name=\"robots\" content=\"index, follow, max-snippet:-1, max-image-preview:large, max-video-preview:-1\" \/>\n<link rel=\"canonical\" href=\"https:\/\/anthenor.fr\/en\/\" \/>\n<meta property=\"og:locale\" content=\"en_US\" \/>\n<meta property=\"og:type\" content=\"article\" \/>\n<meta property=\"og:title\" content=\"Home page - Anthenor\" \/>\n<meta property=\"og:description\" content=\"Anthenor Public Affairs is a public affairs and institutional relations consultancy.\" \/>\n<meta property=\"og:url\" content=\"https:\/\/anthenor.fr\/en\/\" \/>\n<meta property=\"og:site_name\" content=\"Anthenor\" \/>\n<meta property=\"article:modified_time\" content=\"2024-12-02T16:54:38+00:00\" \/>\n<meta property=\"og:image\" content=\"https:\/\/anthenor.fr\/wp-content\/uploads\/2024\/07\/ICONE-PORTE-VOIX@2x.png\" \/>\n<meta name=\"twitter:card\" content=\"summary_large_image\" \/>\n<meta name=\"twitter:label1\" content=\"Est. reading time\" \/>\n\t<meta name=\"twitter:data1\" content=\"2 minutes\" \/>\n<script type=\"application\/ld+json\" class=\"yoast-schema-graph\">{\"@context\":\"https:\\\/\\\/schema.org\",\"@graph\":[{\"@type\":\"WebPage\",\"@id\":\"https:\\\/\\\/anthenor.fr\\\/en\\\/\",\"url\":\"https:\\\/\\\/anthenor.fr\\\/en\\\/\",\"name\":\"Home page - Anthenor\",\"isPartOf\":{\"@id\":\"https:\\\/\\\/anthenor.fr\\\/en\\\/#website\"},\"primaryImageOfPage\":{\"@id\":\"https:\\\/\\\/anthenor.fr\\\/en\\\/#primaryimage\"},\"image\":{\"@id\":\"https:\\\/\\\/anthenor.fr\\\/en\\\/#primaryimage\"},\"thumbnailUrl\":\"https:\\\/\\\/anthenor.fr\\\/wp-content\\\/uploads\\\/2024\\\/07\\\/ICONE-PORTE-VOIX@2x.png\",\"datePublished\":\"2024-07-09T07:28:28+00:00\",\"dateModified\":\"2024-12-02T16:54:38+00:00\",\"description\":\"Anthenor Public Affairs is a public affairs and institutional relations consultancy.\",\"breadcrumb\":{\"@id\":\"https:\\\/\\\/anthenor.fr\\\/en\\\/#breadcrumb\"},\"inLanguage\":\"en-US\",\"potentialAction\":[{\"@type\":\"ReadAction\",\"target\":[\"https:\\\/\\\/anthenor.fr\\\/en\\\/\"]}]},{\"@type\":\"ImageObject\",\"inLanguage\":\"en-US\",\"@id\":\"https:\\\/\\\/anthenor.fr\\\/en\\\/#primaryimage\",\"url\":\"https:\\\/\\\/anthenor.fr\\\/wp-content\\\/uploads\\\/2024\\\/07\\\/ICONE-PORTE-VOIX@2x.png\",\"contentUrl\":\"https:\\\/\\\/anthenor.fr\\\/wp-content\\\/uploads\\\/2024\\\/07\\\/ICONE-PORTE-VOIX@2x.png\"},{\"@type\":\"BreadcrumbList\",\"@id\":\"https:\\\/\\\/anthenor.fr\\\/en\\\/#breadcrumb\",\"itemListElement\":[{\"@type\":\"ListItem\",\"position\":1,\"name\":\"Home\",\"item\":\"https:\\\/\\\/anthenor.fr\\\/en\\\/\"},{\"@type\":\"ListItem\",\"position\":2,\"name\":\"Home page\"}]},{\"@type\":\"WebSite\",\"@id\":\"https:\\\/\\\/anthenor.fr\\\/en\\\/#website\",\"url\":\"https:\\\/\\\/anthenor.fr\\\/en\\\/\",\"name\":\"Anthenor\",\"description\":\"\",\"potentialAction\":[{\"@type\":\"SearchAction\",\"target\":{\"@type\":\"EntryPoint\",\"urlTemplate\":\"https:\\\/\\\/anthenor.fr\\\/en\\\/?s={search_term_string}\"},\"query-input\":{\"@type\":\"PropertyValueSpecification\",\"valueRequired\":true,\"valueName\":\"search_term_string\"}}],\"inLanguage\":\"en-US\"}]}<\/script>\n<!-- \/ Yoast SEO plugin. -->","yoast_head_json":{"title":"Home page - Anthenor","description":"Anthenor Public Affairs is a public affairs and institutional relations consultancy.","robots":{"index":"index","follow":"follow","max-snippet":"max-snippet:-1","max-image-preview":"max-image-preview:large","max-video-preview":"max-video-preview:-1"},"canonical":"https:\/\/anthenor.fr\/en\/","og_locale":"en_US","og_type":"article","og_title":"Home page - Anthenor","og_description":"Anthenor Public Affairs is a public affairs and institutional relations consultancy.","og_url":"https:\/\/anthenor.fr\/en\/","og_site_name":"Anthenor","article_modified_time":"2024-12-02T16:54:38+00:00","og_image":[{"url":"https:\/\/anthenor.fr\/wp-content\/uploads\/2024\/07\/ICONE-PORTE-VOIX@2x.png","type":"","width":"","height":""}],"twitter_card":"summary_large_image","twitter_misc":{"Est. reading time":"2 minutes"},"schema":{"@context":"https:\/\/schema.org","@graph":[{"@type":"WebPage","@id":"https:\/\/anthenor.fr\/en\/","url":"https:\/\/anthenor.fr\/en\/","name":"Home page - Anthenor","isPartOf":{"@id":"https:\/\/anthenor.fr\/en\/#website"},"primaryImageOfPage":{"@id":"https:\/\/anthenor.fr\/en\/#primaryimage"},"image":{"@id":"https:\/\/anthenor.fr\/en\/#primaryimage"},"thumbnailUrl":"https:\/\/anthenor.fr\/wp-content\/uploads\/2024\/07\/ICONE-PORTE-VOIX@2x.png","datePublished":"2024-07-09T07:28:28+00:00","dateModified":"2024-12-02T16:54:38+00:00","description":"Anthenor Public Affairs is a public affairs and institutional relations consultancy.","breadcrumb":{"@id":"https:\/\/anthenor.fr\/en\/#breadcrumb"},"inLanguage":"en-US","potentialAction":[{"@type":"ReadAction","target":["https:\/\/anthenor.fr\/en\/"]}]},{"@type":"ImageObject","inLanguage":"en-US","@id":"https:\/\/anthenor.fr\/en\/#primaryimage","url":"https:\/\/anthenor.fr\/wp-content\/uploads\/2024\/07\/ICONE-PORTE-VOIX@2x.png","contentUrl":"https:\/\/anthenor.fr\/wp-content\/uploads\/2024\/07\/ICONE-PORTE-VOIX@2x.png"},{"@type":"BreadcrumbList","@id":"https:\/\/anthenor.fr\/en\/#breadcrumb","itemListElement":[{"@type":"ListItem","position":1,"name":"Home","item":"https:\/\/anthenor.fr\/en\/"},{"@type":"ListItem","position":2,"name":"Home page"}]},{"@type":"WebSite","@id":"https:\/\/anthenor.fr\/en\/#website","url":"https:\/\/anthenor.fr\/en\/","name":"Anthenor","description":"","potentialAction":[{"@type":"SearchAction","target":{"@type":"EntryPoint","urlTemplate":"https:\/\/anthenor.fr\/en\/?s={search_term_string}"},"query-input":{"@type":"PropertyValueSpecification","valueRequired":true,"valueName":"search_term_string"}}],"inLanguage":"en-US"}]}},"_links":{"self":[{"href":"https:\/\/anthenor.fr\/en\/wp-json\/wp\/v2\/pages\/684","targetHints":{"allow":["GET"]}}],"collection":[{"href":"https:\/\/anthenor.fr\/en\/wp-json\/wp\/v2\/pages"}],"about":[{"href":"https:\/\/anthenor.fr\/en\/wp-json\/wp\/v2\/types\/page"}],"author":[{"embeddable":true,"href":"https:\/\/anthenor.fr\/en\/wp-json\/wp\/v2\/users\/1"}],"replies":[{"embeddable":true,"href":"https:\/\/anthenor.fr\/en\/wp-json\/wp\/v2\/comments?post=684"}],"version-history":[{"count":9,"href":"https:\/\/anthenor.fr\/en\/wp-json\/wp\/v2\/pages\/684\/revisions"}],"predecessor-version":[{"id":1252,"href":"https:\/\/anthenor.fr\/en\/wp-json\/wp\/v2\/pages\/684\/revisions\/1252"}],"wp:attachment":[{"href":"https:\/\/anthenor.fr\/en\/wp-json\/wp\/v2\/media?parent=684"}],"curies":[{"name":"wp","href":"https:\/\/api.w.org\/{rel}","templated":true}]}}